{"id":2598,"date":"2019-02-13T11:32:02","date_gmt":"2019-02-13T11:32:02","guid":{"rendered":"http:\/\/jtp.company\/?page_id=2598"},"modified":"2023-02-22T00:18:30","modified_gmt":"2023-02-22T00:18:30","slug":"about-us","status":"publish","type":"page","link":"https:\/\/jtp.company\/tr\/jtp\/about-us\/","title":{"rendered":"about us"},"content":{"rendered":"\t\t<div data-elementor-type=\"wp-page\" data-elementor-id=\"2598\" class=\"elementor elementor-2598\">\n\t\t\t\t\t\t\t\t\t<section class=\"elementor-section elementor-top-section elementor-element elementor-element-ac02c82 elementor-section-boxed elementor-section-height-default elementor-section-height-default\" data-id=\"ac02c82\" data-element_type=\"section\">\n\t\t\t\t\t\t<div class=\"elementor-container elementor-column-gap-default\">\n\t\t\t\t\t<div class=\"elementor-column elementor-col-100 elementor-top-column elementor-element elementor-element-b6d2cf5\" data-id=\"b6d2cf5\" data-element_type=\"column\">\n\t\t\t<div class=\"elementor-widget-wrap elementor-element-populated\">\n\t\t\t\t\t\t\t\t<div class=\"elementor-element elementor-element-3c59544 elementor-widget elementor-widget-spacer\" data-id=\"3c59544\" data-element_type=\"widget\" data-widget_type=\"spacer.default\">\n\t\t\t\t<div class=\"elementor-widget-container\">\n\t\t\t<style>\/*! elementor - v3.6.5 - 27-04-2022 *\/\n.e-container.e-container--row .elementor-spacer-inner{width:var(--spacer-size)}.e-container.e-container--column .elementor-spacer-inner,.elementor-column .elementor-spacer-inner{height:var(--spacer-size)}<\/style>\t\t<div class=\"elementor-spacer\">\n\t\t\t<div class=\"elementor-spacer-inner\"><\/div>\n\t\t<\/div>\n\t\t\t\t<\/div>\n\t\t\t\t<\/div>\n\t\t\t\t\t<\/div>\n\t\t<\/div>\n\t\t\t\t\t\t\t<\/div>\n\t\t<\/section>\n\t\t\t\t<section class=\"elementor-section elementor-top-section elementor-element elementor-element-62867873 elementor-section-boxed elementor-section-height-default elementor-section-height-default\" data-id=\"62867873\" data-element_type=\"section\">\n\t\t\t\t\t\t<div class=\"elementor-container elementor-column-gap-default\">\n\t\t\t\t\t<div class=\"elementor-column elementor-col-100 elementor-top-column elementor-element elementor-element-e29f93\" data-id=\"e29f93\" data-element_type=\"column\" data-settings=\"{&quot;background_background&quot;:&quot;classic&quot;}\">\n\t\t\t<div class=\"elementor-widget-wrap elementor-element-populated\">\n\t\t\t\t\t\t\t\t<div class=\"elementor-element elementor-element-3379c4b3 elementor-widget elementor-widget-text-editor\" data-id=\"3379c4b3\" data-element_type=\"widget\" data-widget_type=\"text-editor.default\">\n\t\t\t\t<div class=\"elementor-widget-container\">\n\t\t\t<style>\/*! elementor - v3.6.5 - 27-04-2022 *\/\n.elementor-widget-text-editor.elementor-drop-cap-view-stacked .elementor-drop-cap{background-color:#818a91;color:#fff}.elementor-widget-text-editor.elementor-drop-cap-view-framed .elementor-drop-cap{color:#818a91;border:3px solid;background-color:transparent}.elementor-widget-text-editor:not(.elementor-drop-cap-view-default) .elementor-drop-cap{margin-top:8px}.elementor-widget-text-editor:not(.elementor-drop-cap-view-default) .elementor-drop-cap-letter{width:1em;height:1em}.elementor-widget-text-editor .elementor-drop-cap{float:left;text-align:center;line-height:1;font-size:50px}.elementor-widget-text-editor .elementor-drop-cap-letter{display:inline-block}<\/style>\t\t\t\t<p style=\"text-align: justify;\"><strong><span>JTP \u015eirketi<\/span><\/strong><\/p><p><span>y\u0131llar i\u00e7inde kalite ve zaman\u0131nda teslimat konusunda end\u00fcstri lideri bir \u00fcne sahip, y\u00fcksek hassasiyetli \u00f6zel bir makine at\u00f6lyesidir.\u00a0M\u00fc\u015fteri s\u00f6zle\u015fmelerinin hem tasar\u0131m gerekliliklerini hem de kalite spesifikasyonlar\u0131n\u0131 her zaman kar\u015f\u0131layan ve\/veya a\u015fan \u00fcr\u00fcn ve hizmetler sa\u011flamak politikam\u0131zd\u0131r.<\/span><\/p><p><span>\u00c7ok say\u0131da m\u00fc\u015fteri i\u00e7in yaln\u0131zca y\u00fcksek hassasiyette i\u015fleme ve bile\u015fenlerin montaj\u0131 konusunda uzman\u0131z.\u00a0\u00c7ok bile\u015fenli kit olu\u015fturma ve tedarik zinciri y\u00f6netimi ile ilgili olarak entegre ve katma de\u011ferli hizmetler sunuyoruz.<\/span><\/p><p><span>\u00a040 y\u0131ll\u0131k i\u015fimizde, 14.000 metrekarelik \u00fcretim alan\u0131na ba\u015fkanl\u0131k etti\u011fimiz mevcut tesisimize giderek b\u00fcy\u00fcd\u00fck.\u00a0\u015eu anda, emrinde en geli\u015fmi\u015f teknoloji ve ekipmanlardan baz\u0131lar\u0131na sahip olan 35 y\u00fcksek vas\u0131fl\u0131 personel istihdam ediyoruz.\u00a0Bu, sekt\u00f6rdeki en y\u00fcksek kalite standartlar\u0131na ula\u015fma hedefimizi s\u00fcrd\u00fcrmemizi sa\u011flar.\u00a0\u015eu anda normal kapasitemizin %50 ila %60&#8217;\u0131nda \u00e7al\u0131\u015f\u0131yoruz, bu nedenle i\u015f yerimize b\u00fcy\u00fck bir yeni i\u015f ak\u0131\u015f\u0131n\u0131 kar\u015f\u0131layabiliyoruz ve m\u00fckemmel kalite ve zaman\u0131nda hizmet seviyemizi h\u00e2l\u00e2 koruyoruz.<\/span><\/p><p><span>Kapsaml\u0131, \u00f6nc\u00fc bilgisayar destekli \u00fcretim yaz\u0131l\u0131m\u0131m\u0131z ve ekipman\u0131m\u0131z, kat\u0131 stok, d\u00f6k\u00fcm veya d\u00f6vme, al\u00fcminyum, \u00e7elik, paslanmaz \u00e7elik, al\u00fcminyum bronz, bak\u0131r dahil olmak \u00fczere hemen hemen t\u00fcm metallerde, plastiklerde ve kompozitlerde hassas par\u00e7alar ve montajlar \u00fcretmemize olanak tan\u0131r. s\u00fcper ala\u015f\u0131mlar, naylon, teflon, delrin ve \u00e7e\u015fitli plastikler.\u00a038\u201d X 20\u201d X 20\u201d \u00f6l\u00e7\u00fclerine kadar par\u00e7alar\u0131 frezeleme ve 13\u201d \u00e7ap X 18\u201d uzunlu\u011fa kadar par\u00e7alar\u0131 tornalama kapasitesine sahibiz.<\/span><\/p><p><span>JTP Industries, personelimizin becerileri ve deneyimi ile birle\u015fti\u011finde, karma\u015f\u0131k \u015fekillere sahip \u00e7ok dar toleransl\u0131 par\u00e7alar \u00fcretebilir ve monte edebilir.\u00a0En y\u00fcksek i\u015f\u00e7ilik standard\u0131n\u0131 korurken bunu verimli, programa uygun ve en d\u00fc\u015f\u00fck toplam maliyetle yap\u0131yoruz.\u00a0\u0130nsanlar, herhangi bir i\u015fin \u00f6nemli bir par\u00e7as\u0131d\u0131r, ancak \u00f6zellikle havac\u0131l\u0131k bile\u015fenleri imalat\u0131n\u0131n son derece hassas do\u011fas\u0131nda.\u00a0Bu nedenle, JTP Industries&#8217;de istihdam edilen ki\u015filerin, bu \u015firket kuruldu\u011funda tesis edilen ayn\u0131 kalite taahh\u00fcd\u00fcn\u00fc s\u00fcrd\u00fcrd\u00fcklerini g\u00fc\u00e7l\u00fc bir \u015fekilde hissediyoruz.\u00a0\u00c7ekirdek i\u015f g\u00fcc\u00fcm\u00fcz, ortalama 20 y\u0131ld\u0131r JTP ailesi ile birlikte \u00e7al\u0131\u015fmaktad\u0131r.<\/span><\/p>\t\t\t\t\t\t<\/div>\n\t\t\t\t<\/div>\n\t\t\t\t\t<\/div>\n\t\t<\/div>\n\t\t\t\t\t\t\t<\/div>\n\t\t<\/section>\n\t\t\t\t<section class=\"elementor-section elementor-top-section elementor-element elementor-element-92ee176 elementor-section-boxed elementor-section-height-default elementor-section-height-default\" data-id=\"92ee176\" data-element_type=\"section\">\n\t\t\t\t\t\t<div class=\"elementor-container elementor-column-gap-default\">\n\t\t\t\t\t<div class=\"elementor-column elementor-col-100 elementor-top-column elementor-element elementor-element-51a04d7\" data-id=\"51a04d7\" data-element_type=\"column\">\n\t\t\t<div class=\"elementor-widget-wrap elementor-element-populated\">\n\t\t\t\t\t\t\t\t<div class=\"elementor-element elementor-element-9b8a3e1 elementor-widget elementor-widget-spacer\" data-id=\"9b8a3e1\" data-element_type=\"widget\" data-widget_type=\"spacer.default\">\n\t\t\t\t<div class=\"elementor-widget-container\">\n\t\t\t\t\t<div class=\"elementor-spacer\">\n\t\t\t<div class=\"elementor-spacer-inner\"><\/div>\n\t\t<\/div>\n\t\t\t\t<\/div>\n\t\t\t\t<\/div>\n\t\t\t\t\t<\/div>\n\t\t<\/div>\n\t\t\t\t\t\t\t<\/div>\n\t\t<\/section>\n\t\t\t\t\t\t\t<\/div>\n\t\t","protected":false},"excerpt":{"rendered":"<p>JTP \u015eirketi y\u0131llar i\u00e7inde kalite ve zaman\u0131nda teslimat konusunda end\u00fcstri lideri bir \u00fcne sahip, y\u00fcksek hassasiyetli \u00f6zel bir makine at\u00f6lyesidir.\u00a0M\u00fc\u015fteri s\u00f6zle\u015fmelerinin hem tasar\u0131m gerekliliklerini hem de kalite spesifikasyonlar\u0131n\u0131 her zaman kar\u015f\u0131layan ve\/veya a\u015fan \u00fcr\u00fcn ve hizmetler sa\u011flamak politikam\u0131zd\u0131r. \u00c7ok say\u0131da m\u00fc\u015fteri i\u00e7in yaln\u0131zca y\u00fcksek hassasiyette i\u015fleme ve bile\u015fenlerin montaj\u0131 konusunda uzman\u0131z.\u00a0\u00c7ok bile\u015fenli kit olu\u015fturma ve [&hellip;]<\/p>\n","protected":false},"author":2,"featured_media":0,"parent":2529,"menu_order":0,"comment_status":"closed","ping_status":"closed","template":"elementor_header_footer","meta":[],"_links":{"self":[{"href":"https:\/\/jtp.company\/tr\/wp-json\/wp\/v2\/pages\/2598"}],"collection":[{"href":"https:\/\/jtp.company\/tr\/wp-json\/wp\/v2\/pages"}],"about":[{"href":"https:\/\/jtp.company\/tr\/wp-json\/wp\/v2\/types\/page"}],"author":[{"embeddable":true,"href":"https:\/\/jtp.company\/tr\/wp-json\/wp\/v2\/users\/2"}],"replies":[{"embeddable":true,"href":"https:\/\/jtp.company\/tr\/wp-json\/wp\/v2\/comments?post=2598"}],"version-history":[{"count":11,"href":"https:\/\/jtp.company\/tr\/wp-json\/wp\/v2\/pages\/2598\/revisions"}],"predecessor-version":[{"id":3356,"href":"https:\/\/jtp.company\/tr\/wp-json\/wp\/v2\/pages\/2598\/revisions\/3356"}],"up":[{"embeddable":true,"href":"https:\/\/jtp.company\/tr\/wp-json\/wp\/v2\/pages\/2529"}],"wp:attachment":[{"href":"https:\/\/jtp.company\/tr\/wp-json\/wp\/v2\/media?parent=2598"}],"curies":[{"name":"wp","href":"https:\/\/api.w.org\/{rel}","templated":true}]}}