{"id":2598,"date":"2019-02-13T11:32:02","date_gmt":"2019-02-13T11:32:02","guid":{"rendered":"http:\/\/jtp.company\/?page_id=2598"},"modified":"2023-02-22T17:25:45","modified_gmt":"2023-02-22T17:25:45","slug":"about-us","status":"publish","type":"page","link":"https:\/\/jtp.company\/it\/jtp\/about-us\/","title":{"rendered":"about us"},"content":{"rendered":"\t\t<div data-elementor-type=\"wp-page\" data-elementor-id=\"2598\" class=\"elementor elementor-2598\">\n\t\t\t\t\t\t\t\t\t<section class=\"elementor-section elementor-top-section elementor-element elementor-element-ac02c82 elementor-section-boxed elementor-section-height-default elementor-section-height-default\" data-id=\"ac02c82\" data-element_type=\"section\">\n\t\t\t\t\t\t<div class=\"elementor-container elementor-column-gap-default\">\n\t\t\t\t\t<div class=\"elementor-column elementor-col-100 elementor-top-column elementor-element elementor-element-b6d2cf5\" data-id=\"b6d2cf5\" data-element_type=\"column\">\n\t\t\t<div class=\"elementor-widget-wrap elementor-element-populated\">\n\t\t\t\t\t\t\t\t<div class=\"elementor-element elementor-element-3c59544 elementor-widget elementor-widget-spacer\" data-id=\"3c59544\" data-element_type=\"widget\" data-widget_type=\"spacer.default\">\n\t\t\t\t<div class=\"elementor-widget-container\">\n\t\t\t<style>\/*! elementor - v3.6.5 - 27-04-2022 *\/\n.e-container.e-container--row .elementor-spacer-inner{width:var(--spacer-size)}.e-container.e-container--column .elementor-spacer-inner,.elementor-column .elementor-spacer-inner{height:var(--spacer-size)}<\/style>\t\t<div class=\"elementor-spacer\">\n\t\t\t<div class=\"elementor-spacer-inner\"><\/div>\n\t\t<\/div>\n\t\t\t\t<\/div>\n\t\t\t\t<\/div>\n\t\t\t\t\t<\/div>\n\t\t<\/div>\n\t\t\t\t\t\t\t<\/div>\n\t\t<\/section>\n\t\t\t\t<section class=\"elementor-section elementor-top-section elementor-element elementor-element-62867873 elementor-section-boxed elementor-section-height-default elementor-section-height-default\" data-id=\"62867873\" data-element_type=\"section\">\n\t\t\t\t\t\t<div class=\"elementor-container elementor-column-gap-default\">\n\t\t\t\t\t<div class=\"elementor-column elementor-col-100 elementor-top-column elementor-element elementor-element-e29f93\" data-id=\"e29f93\" data-element_type=\"column\" data-settings=\"{&quot;background_background&quot;:&quot;classic&quot;}\">\n\t\t\t<div class=\"elementor-widget-wrap elementor-element-populated\">\n\t\t\t\t\t\t\t\t<div class=\"elementor-element elementor-element-3379c4b3 elementor-widget elementor-widget-text-editor\" data-id=\"3379c4b3\" data-element_type=\"widget\" data-widget_type=\"text-editor.default\">\n\t\t\t\t<div class=\"elementor-widget-container\">\n\t\t\t<style>\/*! elementor - v3.6.5 - 27-04-2022 *\/\n.elementor-widget-text-editor.elementor-drop-cap-view-stacked .elementor-drop-cap{background-color:#818a91;color:#fff}.elementor-widget-text-editor.elementor-drop-cap-view-framed .elementor-drop-cap{color:#818a91;border:3px solid;background-color:transparent}.elementor-widget-text-editor:not(.elementor-drop-cap-view-default) .elementor-drop-cap{margin-top:8px}.elementor-widget-text-editor:not(.elementor-drop-cap-view-default) .elementor-drop-cap-letter{width:1em;height:1em}.elementor-widget-text-editor .elementor-drop-cap{float:left;text-align:center;line-height:1;font-size:50px}.elementor-widget-text-editor .elementor-drop-cap-letter{display:inline-block}<\/style>\t\t\t\t<p><strong><span><span class=\"goog-text-highlight\">Societ\u00e0 JTP<\/span><\/span><\/strong><\/p><p><span>\u00e8 un&#8217;officina meccanica personalizzata di alta precisione che ha costruito negli anni una reputazione leader nel settore per quanto riguarda la qualit\u00e0 e la puntualit\u00e0 nelle consegne.\u00a0La nostra politica \u00e8 quella di fornire prodotti e servizi che in ogni momento soddisfino o superino sia i requisiti di progettazione che le specifiche di qualit\u00e0 dei contratti con i clienti.<\/span><\/p><p><span>Siamo specializzati esclusivamente nella lavorazione meccanica di alta precisione e nell&#8217;assemblaggio di componenti per numerosi clienti.\u00a0Forniamo servizi integrati e a valore aggiunto per quanto riguarda il kitting multicomponente e la gestione della supply chain<\/span><\/p><p><span>\u00a0Nei nostri 40 anni di attivit\u00e0, siamo cresciuti progressivamente fino alla nostra struttura attuale dove presiediamo in 14.000 piedi quadrati di spazio di produzione.\u00a0Attualmente stiamo impiegando 35 persone altamente qualificate che hanno a loro disposizione alcune delle pi\u00f9 avanzate tecnologie e attrezzature all&#8217;avanguardia.\u00a0Questo ci consente di mantenere il nostro costante obiettivo di raggiungere i pi\u00f9 elevati standard di qualit\u00e0 nel settore.\u00a0Attualmente stiamo lavorando dal 50 al 60% della nostra normale capacit\u00e0, quindi siamo in grado di accogliere un grande afflusso di nuovi lavori nel nostro posto di lavoro e mantenere comunque il nostro eccellente livello di qualit\u00e0 e servizio puntuale.<\/span><\/p><p><span>Il nostro ampio e all&#8217;avanguardia software e apparecchiature di produzione assistita da computer ci consente di produrre parti e assiemi di precisione praticamente in tutti i metalli, plastica e compositi, tra cui: materiale solido, fusioni o forgiati, alluminio, acciaio, acciaio inossidabile, bronzo all&#8217;alluminio, rame, superleghe, nylon, teflon, delrin e plastiche varie.\u00a0Siamo in grado di fresare pezzi fino a 38&#8243; X 20&#8243; X 20&#8243; e tornire pezzi fino a 13&#8243; di diametro X 18&#8243; di lunghezza.<\/span><\/p><p><span>In combinazione con le competenze e l&#8217;esperienza del nostro personale, JTP Industries \u00e8 in grado di produrre e assemblare parti con tolleranze molto strette e forme complicate.\u00a0Lo facciamo in modo efficiente, nei tempi previsti e al minor costo complessivo mantenendo i pi\u00f9 alti standard di lavorazione.\u00a0Le persone sono una parte importante di qualsiasi attivit\u00e0 commerciale, ma soprattutto nella natura altamente precisa della produzione di componenti aerospaziali.\u00a0\u00c8 per questo motivo che riteniamo fortemente che le persone impiegate presso JTP Industries mantengano lo stesso impegno per la qualit\u00e0 che \u00e8 stato stabilito quando questa societ\u00e0 \u00e8 stata creata.\u00a0La nostra forza lavoro principale \u00e8 stata con la famiglia JTP per una media di 20 anni.<\/span><\/p>\t\t\t\t\t\t<\/div>\n\t\t\t\t<\/div>\n\t\t\t\t\t<\/div>\n\t\t<\/div>\n\t\t\t\t\t\t\t<\/div>\n\t\t<\/section>\n\t\t\t\t<section class=\"elementor-section elementor-top-section elementor-element elementor-element-92ee176 elementor-section-boxed elementor-section-height-default elementor-section-height-default\" data-id=\"92ee176\" data-element_type=\"section\">\n\t\t\t\t\t\t<div class=\"elementor-container elementor-column-gap-default\">\n\t\t\t\t\t<div class=\"elementor-column elementor-col-100 elementor-top-column elementor-element elementor-element-51a04d7\" data-id=\"51a04d7\" data-element_type=\"column\">\n\t\t\t<div class=\"elementor-widget-wrap elementor-element-populated\">\n\t\t\t\t\t\t\t\t<div class=\"elementor-element elementor-element-9b8a3e1 elementor-widget elementor-widget-spacer\" data-id=\"9b8a3e1\" data-element_type=\"widget\" data-widget_type=\"spacer.default\">\n\t\t\t\t<div class=\"elementor-widget-container\">\n\t\t\t\t\t<div class=\"elementor-spacer\">\n\t\t\t<div class=\"elementor-spacer-inner\"><\/div>\n\t\t<\/div>\n\t\t\t\t<\/div>\n\t\t\t\t<\/div>\n\t\t\t\t\t<\/div>\n\t\t<\/div>\n\t\t\t\t\t\t\t<\/div>\n\t\t<\/section>\n\t\t\t\t\t\t\t<\/div>\n\t\t","protected":false},"excerpt":{"rendered":"<p>Societ\u00e0 JTP \u00e8 un&#8217;officina meccanica personalizzata di alta precisione che ha costruito negli anni una reputazione leader nel settore per quanto riguarda la qualit\u00e0 e la puntualit\u00e0 nelle consegne.\u00a0La nostra politica \u00e8 quella di fornire prodotti e servizi che in ogni momento soddisfino o superino sia i requisiti di progettazione che le specifiche di qualit\u00e0 [&hellip;]<\/p>\n","protected":false},"author":2,"featured_media":0,"parent":2529,"menu_order":0,"comment_status":"closed","ping_status":"closed","template":"elementor_header_footer","meta":[],"_links":{"self":[{"href":"https:\/\/jtp.company\/it\/wp-json\/wp\/v2\/pages\/2598"}],"collection":[{"href":"https:\/\/jtp.company\/it\/wp-json\/wp\/v2\/pages"}],"about":[{"href":"https:\/\/jtp.company\/it\/wp-json\/wp\/v2\/types\/page"}],"author":[{"embeddable":true,"href":"https:\/\/jtp.company\/it\/wp-json\/wp\/v2\/users\/2"}],"replies":[{"embeddable":true,"href":"https:\/\/jtp.company\/it\/wp-json\/wp\/v2\/comments?post=2598"}],"version-history":[{"count":11,"href":"https:\/\/jtp.company\/it\/wp-json\/wp\/v2\/pages\/2598\/revisions"}],"predecessor-version":[{"id":3379,"href":"https:\/\/jtp.company\/it\/wp-json\/wp\/v2\/pages\/2598\/revisions\/3379"}],"up":[{"embeddable":true,"href":"https:\/\/jtp.company\/it\/wp-json\/wp\/v2\/pages\/2529"}],"wp:attachment":[{"href":"https:\/\/jtp.company\/it\/wp-json\/wp\/v2\/media?parent=2598"}],"curies":[{"name":"wp","href":"https:\/\/api.w.org\/{rel}","templated":true}]}}