{"id":2598,"date":"2019-02-13T11:32:02","date_gmt":"2019-02-13T11:32:02","guid":{"rendered":"http:\/\/jtp.company\/?page_id=2598"},"modified":"2023-02-24T19:00:17","modified_gmt":"2023-02-24T19:00:17","slug":"about-us","status":"publish","type":"page","link":"https:\/\/jtp.company\/ge\/jtp\/about-us\/","title":{"rendered":"about us"},"content":{"rendered":"\t\t<div data-elementor-type=\"wp-page\" data-elementor-id=\"2598\" class=\"elementor elementor-2598\">\n\t\t\t\t\t\t\t\t\t<section class=\"elementor-section elementor-top-section elementor-element elementor-element-ac02c82 elementor-section-boxed elementor-section-height-default elementor-section-height-default\" data-id=\"ac02c82\" data-element_type=\"section\">\n\t\t\t\t\t\t<div class=\"elementor-container elementor-column-gap-default\">\n\t\t\t\t\t<div class=\"elementor-column elementor-col-100 elementor-top-column elementor-element elementor-element-b6d2cf5\" data-id=\"b6d2cf5\" data-element_type=\"column\">\n\t\t\t<div class=\"elementor-widget-wrap elementor-element-populated\">\n\t\t\t\t\t\t\t\t<div class=\"elementor-element elementor-element-3c59544 elementor-widget elementor-widget-spacer\" data-id=\"3c59544\" data-element_type=\"widget\" data-widget_type=\"spacer.default\">\n\t\t\t\t<div class=\"elementor-widget-container\">\n\t\t\t<style>\/*! elementor - v3.6.5 - 27-04-2022 *\/\n.e-container.e-container--row .elementor-spacer-inner{width:var(--spacer-size)}.e-container.e-container--column .elementor-spacer-inner,.elementor-column .elementor-spacer-inner{height:var(--spacer-size)}<\/style>\t\t<div class=\"elementor-spacer\">\n\t\t\t<div class=\"elementor-spacer-inner\"><\/div>\n\t\t<\/div>\n\t\t\t\t<\/div>\n\t\t\t\t<\/div>\n\t\t\t\t\t<\/div>\n\t\t<\/div>\n\t\t\t\t\t\t\t<\/div>\n\t\t<\/section>\n\t\t\t\t<section class=\"elementor-section elementor-top-section elementor-element elementor-element-62867873 elementor-section-boxed elementor-section-height-default elementor-section-height-default\" data-id=\"62867873\" data-element_type=\"section\">\n\t\t\t\t\t\t<div class=\"elementor-container elementor-column-gap-default\">\n\t\t\t\t\t<div class=\"elementor-column elementor-col-100 elementor-top-column elementor-element elementor-element-e29f93\" data-id=\"e29f93\" data-element_type=\"column\" data-settings=\"{&quot;background_background&quot;:&quot;classic&quot;}\">\n\t\t\t<div class=\"elementor-widget-wrap elementor-element-populated\">\n\t\t\t\t\t\t\t\t<div class=\"elementor-element elementor-element-3379c4b3 elementor-widget elementor-widget-text-editor\" data-id=\"3379c4b3\" data-element_type=\"widget\" data-widget_type=\"text-editor.default\">\n\t\t\t\t<div class=\"elementor-widget-container\">\n\t\t\t<style>\/*! elementor - v3.6.5 - 27-04-2022 *\/\n.elementor-widget-text-editor.elementor-drop-cap-view-stacked .elementor-drop-cap{background-color:#818a91;color:#fff}.elementor-widget-text-editor.elementor-drop-cap-view-framed .elementor-drop-cap{color:#818a91;border:3px solid;background-color:transparent}.elementor-widget-text-editor:not(.elementor-drop-cap-view-default) .elementor-drop-cap{margin-top:8px}.elementor-widget-text-editor:not(.elementor-drop-cap-view-default) .elementor-drop-cap-letter{width:1em;height:1em}.elementor-widget-text-editor .elementor-drop-cap{float:left;text-align:center;line-height:1;font-size:50px}.elementor-widget-text-editor .elementor-drop-cap-letter{display:inline-block}<\/style>\t\t\t\t<p style=\"text-align: justify;\"><strong><span><span class=\"goog-text-highlight\">JTP-Unternehmen<\/span><\/span><\/strong><\/p><p><span>ist eine hochpr\u00e4zise kundenspezifische Maschinenwerkstatt, die sich im Laufe der Jahre einen branchenf\u00fchrenden Ruf in Bezug auf Qualit\u00e4t und p\u00fcnktliche Lieferung aufgebaut hat.\u00a0Es ist unsere Politik, Produkte und Dienstleistungen zu liefern, die jederzeit sowohl die Designanforderungen als auch die Qualit\u00e4tsspezifikationen der Kundenvertr\u00e4ge erf\u00fcllen oder \u00fcbertreffen.<\/span><\/p><p><span>Wir sind ausschlie\u00dflich auf die hochpr\u00e4zise Bearbeitung und Montage von Komponenten f\u00fcr zahlreiche Kunden spezialisiert.\u00a0Wir bieten integrierte und wertsch\u00f6pfende Dienstleistungen in Bezug auf Mehrkomponenten-Kitting und Lieferkettenmanagement<\/span><\/p><p><span>\u00a0In unserer 40-j\u00e4hrigen Gesch\u00e4ftst\u00e4tigkeit sind wir schrittweise zu unserer heutigen Einrichtung gewachsen, in der wir \u00fcber eine Produktionsfl\u00e4che von 14.000 Quadratfu\u00df verf\u00fcgen.\u00a0Derzeit besch\u00e4ftigen wir 35 hochqualifizierte Mitarbeiter, denen einige der fortschrittlichsten Technologien und Ausr\u00fcstungen auf dem neuesten Stand der Technik zur Verf\u00fcgung stehen.\u00a0Dies erm\u00f6glicht es uns, unser kontinuierliches Ziel, die h\u00f6chsten Qualit\u00e4tsstandards in der Branche zu erreichen, aufrechtzuerhalten.\u00a0Derzeit arbeiten wir mit 50 bis 60 % unserer normalen Kapazit\u00e4t, daher sind wir in der Lage, einen gro\u00dfen Zustrom neuer Arbeitskr\u00e4fte an unserem Arbeitsplatz zu bew\u00e4ltigen und dennoch unser hervorragendes Qualit\u00e4tsniveau und unseren p\u00fcnktlichen Service aufrechtzuerhalten.<\/span><\/p><p><span>Unsere umfangreiche, hochmoderne computergest\u00fctzte Fertigungssoftware und -ausr\u00fcstung erm\u00f6glicht es uns, Pr\u00e4zisionsteile und Baugruppen aus praktisch allen Metallen, Kunststoffen und Verbundwerkstoffen herzustellen, einschlie\u00dflich: Vollmaterial, Guss- oder Schmiedeteile, Aluminium, Stahl, Edelstahl, Aluminiumbronze, Kupfer, Superlegierungen, Nylon, Teflon, Delrin und verschiedene Kunststoffe.\u00a0Wir sind in der Lage, Teile bis zu 38&#8243; x 20&#8243; x 20&#8243; zu fr\u00e4sen und Teile bis zu 13&#8243; Durchmesser x 18&#8243; L\u00e4nge zu drehen.<\/span><\/p><p><span>In Kombination mit den F\u00e4higkeiten und Erfahrungen unserer Mitarbeiter kann JTP Industries Teile mit sehr engen Toleranzen und komplizierten Formen herstellen und montieren.\u00a0Wir erledigen dies effizient, termingerecht und zu den niedrigsten Gesamtkosten unter Beibehaltung des h\u00f6chsten Verarbeitungsstandards.\u00a0Menschen sind ein wichtiger Bestandteil jedes Unternehmens, insbesondere aber in der hochpr\u00e4zisen Herstellung von Luft- und Raumfahrtkomponenten.\u00a0Aus diesem Grund sind wir der festen \u00dcberzeugung, dass die bei JTP Industries besch\u00e4ftigten Mitarbeiter dieselbe Verpflichtung zur Qualit\u00e4t aufrechterhalten, die bei der Gr\u00fcndung dieses Unternehmens festgelegt wurde.\u00a0Unsere Stammbelegschaft ist seit durchschnittlich 20 Jahren bei der JTP-Familie.<\/span><\/p><p style=\"text-align: justify;\">\u00a0<\/p>\t\t\t\t\t\t<\/div>\n\t\t\t\t<\/div>\n\t\t\t\t\t<\/div>\n\t\t<\/div>\n\t\t\t\t\t\t\t<\/div>\n\t\t<\/section>\n\t\t\t\t<section class=\"elementor-section elementor-top-section elementor-element elementor-element-92ee176 elementor-section-boxed elementor-section-height-default elementor-section-height-default\" data-id=\"92ee176\" data-element_type=\"section\">\n\t\t\t\t\t\t<div class=\"elementor-container elementor-column-gap-default\">\n\t\t\t\t\t<div class=\"elementor-column elementor-col-100 elementor-top-column elementor-element elementor-element-51a04d7\" data-id=\"51a04d7\" data-element_type=\"column\">\n\t\t\t<div class=\"elementor-widget-wrap elementor-element-populated\">\n\t\t\t\t\t\t\t\t<div class=\"elementor-element elementor-element-9b8a3e1 elementor-widget elementor-widget-spacer\" data-id=\"9b8a3e1\" data-element_type=\"widget\" data-widget_type=\"spacer.default\">\n\t\t\t\t<div class=\"elementor-widget-container\">\n\t\t\t\t\t<div class=\"elementor-spacer\">\n\t\t\t<div class=\"elementor-spacer-inner\"><\/div>\n\t\t<\/div>\n\t\t\t\t<\/div>\n\t\t\t\t<\/div>\n\t\t\t\t\t<\/div>\n\t\t<\/div>\n\t\t\t\t\t\t\t<\/div>\n\t\t<\/section>\n\t\t\t\t\t\t\t<\/div>\n\t\t","protected":false},"excerpt":{"rendered":"<p>JTP-Unternehmen ist eine hochpr\u00e4zise kundenspezifische Maschinenwerkstatt, die sich im Laufe der Jahre einen branchenf\u00fchrenden Ruf in Bezug auf Qualit\u00e4t und p\u00fcnktliche Lieferung aufgebaut hat.\u00a0Es ist unsere Politik, Produkte und Dienstleistungen zu liefern, die jederzeit sowohl die Designanforderungen als auch die Qualit\u00e4tsspezifikationen der Kundenvertr\u00e4ge erf\u00fcllen oder \u00fcbertreffen. Wir sind ausschlie\u00dflich auf die hochpr\u00e4zise Bearbeitung und Montage [&hellip;]<\/p>\n","protected":false},"author":2,"featured_media":0,"parent":2529,"menu_order":0,"comment_status":"closed","ping_status":"closed","template":"elementor_header_footer","meta":[],"_links":{"self":[{"href":"https:\/\/jtp.company\/ge\/wp-json\/wp\/v2\/pages\/2598"}],"collection":[{"href":"https:\/\/jtp.company\/ge\/wp-json\/wp\/v2\/pages"}],"about":[{"href":"https:\/\/jtp.company\/ge\/wp-json\/wp\/v2\/types\/page"}],"author":[{"embeddable":true,"href":"https:\/\/jtp.company\/ge\/wp-json\/wp\/v2\/users\/2"}],"replies":[{"embeddable":true,"href":"https:\/\/jtp.company\/ge\/wp-json\/wp\/v2\/comments?post=2598"}],"version-history":[{"count":11,"href":"https:\/\/jtp.company\/ge\/wp-json\/wp\/v2\/pages\/2598\/revisions"}],"predecessor-version":[{"id":3371,"href":"https:\/\/jtp.company\/ge\/wp-json\/wp\/v2\/pages\/2598\/revisions\/3371"}],"up":[{"embeddable":true,"href":"https:\/\/jtp.company\/ge\/wp-json\/wp\/v2\/pages\/2529"}],"wp:attachment":[{"href":"https:\/\/jtp.company\/ge\/wp-json\/wp\/v2\/media?parent=2598"}],"curies":[{"name":"wp","href":"https:\/\/api.w.org\/{rel}","templated":true}]}}