{"id":2598,"date":"2019-02-13T11:32:02","date_gmt":"2019-02-13T11:32:02","guid":{"rendered":"http:\/\/jtp.company\/?page_id=2598"},"modified":"2023-02-23T14:29:24","modified_gmt":"2023-02-23T14:29:24","slug":"about-us","status":"publish","type":"page","link":"https:\/\/jtp.company\/es\/jtp\/about-us\/","title":{"rendered":"about us"},"content":{"rendered":"\t\t<div data-elementor-type=\"wp-page\" data-elementor-id=\"2598\" class=\"elementor elementor-2598\">\n\t\t\t\t\t\t\t\t\t<section class=\"elementor-section elementor-top-section elementor-element elementor-element-ac02c82 elementor-section-boxed elementor-section-height-default elementor-section-height-default\" data-id=\"ac02c82\" data-element_type=\"section\">\n\t\t\t\t\t\t<div class=\"elementor-container elementor-column-gap-default\">\n\t\t\t\t\t<div class=\"elementor-column elementor-col-100 elementor-top-column elementor-element elementor-element-b6d2cf5\" data-id=\"b6d2cf5\" data-element_type=\"column\">\n\t\t\t<div class=\"elementor-widget-wrap elementor-element-populated\">\n\t\t\t\t\t\t\t\t<div class=\"elementor-element elementor-element-3c59544 elementor-widget elementor-widget-spacer\" data-id=\"3c59544\" data-element_type=\"widget\" data-widget_type=\"spacer.default\">\n\t\t\t\t<div class=\"elementor-widget-container\">\n\t\t\t<style>\/*! elementor - v3.6.5 - 27-04-2022 *\/\n.e-container.e-container--row .elementor-spacer-inner{width:var(--spacer-size)}.e-container.e-container--column .elementor-spacer-inner,.elementor-column .elementor-spacer-inner{height:var(--spacer-size)}<\/style>\t\t<div class=\"elementor-spacer\">\n\t\t\t<div class=\"elementor-spacer-inner\"><\/div>\n\t\t<\/div>\n\t\t\t\t<\/div>\n\t\t\t\t<\/div>\n\t\t\t\t\t<\/div>\n\t\t<\/div>\n\t\t\t\t\t\t\t<\/div>\n\t\t<\/section>\n\t\t\t\t<section class=\"elementor-section elementor-top-section elementor-element elementor-element-62867873 elementor-section-boxed elementor-section-height-default elementor-section-height-default\" data-id=\"62867873\" data-element_type=\"section\">\n\t\t\t\t\t\t<div class=\"elementor-container elementor-column-gap-default\">\n\t\t\t\t\t<div class=\"elementor-column elementor-col-100 elementor-top-column elementor-element elementor-element-e29f93\" data-id=\"e29f93\" data-element_type=\"column\" data-settings=\"{&quot;background_background&quot;:&quot;classic&quot;}\">\n\t\t\t<div class=\"elementor-widget-wrap elementor-element-populated\">\n\t\t\t\t\t\t\t\t<div class=\"elementor-element elementor-element-3379c4b3 elementor-widget elementor-widget-text-editor\" data-id=\"3379c4b3\" data-element_type=\"widget\" data-widget_type=\"text-editor.default\">\n\t\t\t\t<div class=\"elementor-widget-container\">\n\t\t\t<style>\/*! elementor - v3.6.5 - 27-04-2022 *\/\n.elementor-widget-text-editor.elementor-drop-cap-view-stacked .elementor-drop-cap{background-color:#818a91;color:#fff}.elementor-widget-text-editor.elementor-drop-cap-view-framed .elementor-drop-cap{color:#818a91;border:3px solid;background-color:transparent}.elementor-widget-text-editor:not(.elementor-drop-cap-view-default) .elementor-drop-cap{margin-top:8px}.elementor-widget-text-editor:not(.elementor-drop-cap-view-default) .elementor-drop-cap-letter{width:1em;height:1em}.elementor-widget-text-editor .elementor-drop-cap{float:left;text-align:center;line-height:1;font-size:50px}.elementor-widget-text-editor .elementor-drop-cap-letter{display:inline-block}<\/style>\t\t\t\t<p><strong><span><span class=\"goog-text-highlight\">Empresa JTP<\/span><\/span><\/strong><\/p><p><span><span class=\"goog-text-highlight\">es un taller de m\u00e1quinas personalizadas de alta precisi\u00f3n que ha construido una reputaci\u00f3n l\u00edder en la industria con respecto a la calidad y la entrega a tiempo a lo largo de los a\u00f1os.\u00a0<\/span>Nuestra pol\u00edtica es suministrar productos y servicios que en todo momento cumplan o superen los requisitos de dise\u00f1o y las especificaciones de calidad de los contratos de los clientes.<\/span><\/p><p><span>Nos especializamos exclusivamente en el mecanizado de alta precisi\u00f3n y el montaje de componentes para numerosos clientes.\u00a0Brindamos servicios integrados y de valor agregado con respecto a la gesti\u00f3n de la cadena de suministro y el armado de m\u00faltiples componentes.<\/span><\/p><p><span>\u00a0En nuestros 40 a\u00f1os de actividad, hemos crecido progresivamente hasta llegar a nuestras instalaciones actuales, donde presidimos un espacio de fabricaci\u00f3n de 14 000 pies cuadrados.\u00a0Actualmente estamos empleando a 35 personas altamente calificadas que tienen a su disposici\u00f3n algunas de las tecnolog\u00edas y equipos m\u00e1s avanzados.\u00a0Esto nos permite mantener nuestro objetivo continuo de lograr los m\u00e1s altos est\u00e1ndares de calidad en la industria.\u00a0Actualmente estamos trabajando entre el 50 y el 60 % de nuestra capacidad normal, por lo tanto, podemos acomodar una gran afluencia de trabajo nuevo en nuestro lugar de trabajo y a\u00fan as\u00ed mantener nuestro excelente nivel de calidad y servicio a tiempo.<\/span><\/p><p><span>Nuestro extenso software y equipo de fabricaci\u00f3n asistida por computadora de \u00faltima generaci\u00f3n nos permite producir piezas y ensamblajes de precisi\u00f3n en pr\u00e1cticamente todos los metales, pl\u00e1sticos y compuestos, incluidos: material s\u00f3lido, piezas fundidas o forjadas, aluminio, acero, acero inoxidable, aluminio, bronce, cobre, superaleaciones, nylon, tefl\u00f3n, delrin y varios pl\u00e1sticos.\u00a0Somos capaces de fresar piezas de hasta 38\u201d X 20\u201d X 20\u201d y tornear piezas de hasta 13\u201d de di\u00e1metro X 18\u201d de largo.<\/span><\/p><p><span>En combinaci\u00f3n con las habilidades y la experiencia de nuestro personal, JTP Industries puede producir y ensamblar piezas de tolerancia muy estrecha con formas complicadas.\u00a0Lo hacemos de manera eficiente, a tiempo y al costo total m\u00e1s bajo mientras mantenemos el m\u00e1s alto nivel de mano de obra.\u00a0Las personas son una parte importante de cualquier negocio, pero especialmente en la naturaleza altamente precisa de la fabricaci\u00f3n de componentes aeroespaciales.\u00a0Es por esta raz\u00f3n que creemos firmemente que las personas empleadas en JTP Industries mantienen el mismo compromiso con la calidad que se estableci\u00f3 cuando se cre\u00f3 esta empresa.\u00a0Nuestra fuerza laboral central ha estado con la familia JTP durante un promedio de 20 a\u00f1os.<\/span><\/p>\t\t\t\t\t\t<\/div>\n\t\t\t\t<\/div>\n\t\t\t\t\t<\/div>\n\t\t<\/div>\n\t\t\t\t\t\t\t<\/div>\n\t\t<\/section>\n\t\t\t\t<section class=\"elementor-section elementor-top-section elementor-element elementor-element-92ee176 elementor-section-boxed elementor-section-height-default elementor-section-height-default\" data-id=\"92ee176\" data-element_type=\"section\">\n\t\t\t\t\t\t<div class=\"elementor-container elementor-column-gap-default\">\n\t\t\t\t\t<div class=\"elementor-column elementor-col-100 elementor-top-column elementor-element elementor-element-51a04d7\" data-id=\"51a04d7\" data-element_type=\"column\">\n\t\t\t<div class=\"elementor-widget-wrap elementor-element-populated\">\n\t\t\t\t\t\t\t\t<div class=\"elementor-element elementor-element-9b8a3e1 elementor-widget elementor-widget-spacer\" data-id=\"9b8a3e1\" data-element_type=\"widget\" data-widget_type=\"spacer.default\">\n\t\t\t\t<div class=\"elementor-widget-container\">\n\t\t\t\t\t<div class=\"elementor-spacer\">\n\t\t\t<div class=\"elementor-spacer-inner\"><\/div>\n\t\t<\/div>\n\t\t\t\t<\/div>\n\t\t\t\t<\/div>\n\t\t\t\t\t<\/div>\n\t\t<\/div>\n\t\t\t\t\t\t\t<\/div>\n\t\t<\/section>\n\t\t\t\t\t\t\t<\/div>\n\t\t","protected":false},"excerpt":{"rendered":"<p>Empresa JTP es un taller de m\u00e1quinas personalizadas de alta precisi\u00f3n que ha construido una reputaci\u00f3n l\u00edder en la industria con respecto a la calidad y la entrega a tiempo a lo largo de los a\u00f1os.\u00a0Nuestra pol\u00edtica es suministrar productos y servicios que en todo momento cumplan o superen los requisitos de dise\u00f1o y las [&hellip;]<\/p>\n","protected":false},"author":2,"featured_media":0,"parent":2529,"menu_order":0,"comment_status":"closed","ping_status":"closed","template":"elementor_header_footer","meta":[],"_links":{"self":[{"href":"https:\/\/jtp.company\/es\/wp-json\/wp\/v2\/pages\/2598"}],"collection":[{"href":"https:\/\/jtp.company\/es\/wp-json\/wp\/v2\/pages"}],"about":[{"href":"https:\/\/jtp.company\/es\/wp-json\/wp\/v2\/types\/page"}],"author":[{"embeddable":true,"href":"https:\/\/jtp.company\/es\/wp-json\/wp\/v2\/users\/2"}],"replies":[{"embeddable":true,"href":"https:\/\/jtp.company\/es\/wp-json\/wp\/v2\/comments?post=2598"}],"version-history":[{"count":11,"href":"https:\/\/jtp.company\/es\/wp-json\/wp\/v2\/pages\/2598\/revisions"}],"predecessor-version":[{"id":3367,"href":"https:\/\/jtp.company\/es\/wp-json\/wp\/v2\/pages\/2598\/revisions\/3367"}],"up":[{"embeddable":true,"href":"https:\/\/jtp.company\/es\/wp-json\/wp\/v2\/pages\/2529"}],"wp:attachment":[{"href":"https:\/\/jtp.company\/es\/wp-json\/wp\/v2\/media?parent=2598"}],"curies":[{"name":"wp","href":"https:\/\/api.w.org\/{rel}","templated":true}]}}